{"id":34,"date":"2021-09-24T14:12:49","date_gmt":"2021-09-24T12:12:49","guid":{"rendered":"https:\/\/template.insaniam.site\/?page_id=34"},"modified":"2025-11-07T17:18:42","modified_gmt":"2025-11-07T16:18:42","slug":"mentions-legales","status":"publish","type":"page","link":"https:\/\/www.gravor.com\/en\/mentions-legales\/","title":{"rendered":"General Terms and Conditions"},"content":{"rendered":"<h4 class=\"wp-block-heading\" data-block-type=\"core\">CE SITE A POUR BUT DE PR\u00c9SENTER LA SOCI\u00c9T\u00c9 GRAV\u2019OR ET SES ACTIVIT\u00c9S COMMERCIALES.<\/h4>\n\n\n\n<p data-block-type=\"core\">Conform\u00e9ment \u00e0 la loi n\u00b02004-575 du 21 juin 2004 pour la confiance dans l\u2019\u00e9conomie num\u00e9rique (LCEN) :<br>Raison sociale : GRAV\u2019OR<br>Si\u00e8ge social :14 RUE ARNOLD DOLMETSCH \u2013 72000 LE MANS<br>T\u00e9l\u00e9phone : 02 43 28 50 60<br>Directeur de la publication : Antoine du Mazel<br>Capital social : 200\u00a0000 \u20ac<br>Siret : 79966374500013<\/p>\n\n\n\n<p data-block-type=\"core\">Site r\u00e9alis\u00e9 par <a href=\"https:\/\/amigouet.com\" target=\"_blank\" data-type=\"link\" data-id=\"https:\/\/amigouet.com\" rel=\"noreferrer noopener\">amigouet.com<\/a><\/p>\n\n\n\n<h4 class=\"wp-block-heading\" data-block-type=\"core\">INFORMATIONS RELATIVES \u00c0 L\u2019H\u00c9BERGEUR DE CE SITE INTERNET :<\/h4>\n\n\n\n<p data-block-type=\"core\">L\u2019h\u00e9bergement du site est r\u00e9alis\u00e9 par la soci\u00e9t\u00e9 OVH.<br>SARL OVH<br>Adresse : 2 rue Kellermann&nbsp;\u2013 59100 ROUBAIX| FRANCE<br>Tel : 0 899 701 761 \u2013 Fax : 03 20 20 09 58<br>Mail : support@ovh.com<br>Site : www.ovh.com<br>Pour toute r\u00e9clamation, vous pouvez \u00e9crire \u00e0 gravor@gravor.com ou \u00e0 l\u2019h\u00e9bergeur.<\/p>","protected":false},"excerpt":{"rendered":"<p>CE SITE A POUR BUT DE PR\u00c9SENTER LA SOCI\u00c9T\u00c9 GRAV\u2019OR ET SES ACTIVIT\u00c9S COMMERCIALES. Conform\u00e9ment \u00e0 la loi n\u00b02004-575 du 21 juin 2004 pour la confiance dans l\u2019\u00e9conomie num\u00e9rique (LCEN) :Raison sociale : GRAV\u2019ORSi\u00e8ge social :14 RUE ARNOLD DOLMETSCH \u2013 72000 LE MANST\u00e9l\u00e9phone : 02 43 28 50 60Directeur de la publication : Antoine du [&hellip;]<\/p>\n","protected":false},"author":7,"featured_media":0,"parent":0,"menu_order":0,"comment_status":"closed","ping_status":"closed","template":"","meta":{"footnotes":""},"class_list":["post-34","page","type-page","status-publish","hentry"],"blocksy_meta":{"has_hero_section":"enabled","hero_section":"type-2","styles_descriptor":{"styles":{"desktop":"[data-prefix=\"single_page\"] .entry-header .page-title {--theme-font-size:30px;--theme-heading-color:var(--theme-palette-color-7);} [data-prefix=\"single_page\"] .entry-header .entry-meta {--theme-font-weight:600;--theme-text-transform:uppercase;--theme-font-size:12px;--theme-line-height:1.3;} [data-prefix=\"single_page\"] .hero-section[data-type=\"type-2\"] {background-color:var(--theme-palette-color-3);background-image:none;--container-padding:50px 0px;}","tablet":"","mobile":""},"google_fonts":[],"version":6},"pageTitleBackground":{"background_type":"color","background_pattern":"type-1","background_image":{"attachment_id":null,"x":0,"y":0},"gradient":"linear-gradient(135deg,rgba(6,147,227,1) 0%,rgb(155,81,224) 100%)","background_repeat":"repeat","background_size":"auto","background_attachment":"scroll","patternColor":{"default":{"color":"#e5e7ea"}},"overlayColor":{"default":{"color":"CT_CSS_SKIP_RULE"}},"backgroundColor":{"default":{"color":"var(--theme-palette-color-3)"}}},"pageTitleFontColor":{"default":{"color":"var(--theme-palette-color-7)"}}},"_links":{"self":[{"href":"https:\/\/www.gravor.com\/en\/wp-json\/wp\/v2\/pages\/34","targetHints":{"allow":["GET"]}}],"collection":[{"href":"https:\/\/www.gravor.com\/en\/wp-json\/wp\/v2\/pages"}],"about":[{"href":"https:\/\/www.gravor.com\/en\/wp-json\/wp\/v2\/types\/page"}],"author":[{"embeddable":true,"href":"https:\/\/www.gravor.com\/en\/wp-json\/wp\/v2\/users\/7"}],"replies":[{"embeddable":true,"href":"https:\/\/www.gravor.com\/en\/wp-json\/wp\/v2\/comments?post=34"}],"version-history":[{"count":0,"href":"https:\/\/www.gravor.com\/en\/wp-json\/wp\/v2\/pages\/34\/revisions"}],"wp:attachment":[{"href":"https:\/\/www.gravor.com\/en\/wp-json\/wp\/v2\/media?parent=34"}],"curies":[{"name":"wp","href":"https:\/\/api.w.org\/{rel}","templated":true}]}}