{"id":3,"date":"2021-09-22T12:21:03","date_gmt":"2021-09-22T10:21:03","guid":{"rendered":"https:\/\/template.insaniam.site\/?page_id=3"},"modified":"2023-03-30T15:59:15","modified_gmt":"2023-03-30T13:59:15","slug":"politique-de-confidentialite","status":"publish","type":"page","link":"https:\/\/www.gravor.com\/en\/politique-de-confidentialite\/","title":{"rendered":"Privacy policy"},"content":{"rendered":"<p data-block-type=\"core\">Gravor<\/p>\n\n\n\n<p data-block-type=\"core\"><strong>Qui sommes-nous&nbsp;?<\/strong><\/p>\n\n\n\n<p data-block-type=\"core\">L&rsquo;adresse de notre site Web est : <a href=\"https:\/\/www.gravor.com\/en\/\">https:\/\/www.gravor.com\/<\/a><\/p>\n\n\n\n<p data-block-type=\"core\"><strong>Utilisation des donn\u00e9es personnelles collect\u00e9es<\/strong><\/p>\n\n\n\n<p data-block-type=\"core\"><strong>Commentaires<\/strong><\/p>\n\n\n\n<p data-block-type=\"core\">Quand vous laissez un commentaire sur notre site web, les donn\u00e9es inscrites dans le formulaire de commentaire, mais aussi votre adresse IP et l\u2019agent utilisateur de votre navigateur sont collect\u00e9s pour nous aider \u00e0 la d\u00e9tection des commentaires ind\u00e9sirables.<\/p>\n\n\n\n<p data-block-type=\"core\">Une cha\u00eene anonymis\u00e9e cr\u00e9\u00e9e \u00e0 partir de votre adresse de messagerie (\u00e9galement appel\u00e9e hash) peut \u00eatre envoy\u00e9e au service Gravatar pour v\u00e9rifier si vous utilisez ce dernier. Les clauses de confidentialit\u00e9 du service Gravatar sont disponibles ici&nbsp;: <a href=\"https:\/\/automattic.com\/privacy\/\" target=\"_blank\" rel=\"noopener\"><u>https:\/\/automattic.com\/privacy\/<\/u><\/a>. Apr\u00e8s validation de votre commentaire, votre photo de profil sera visible publiquement \u00e0 cot\u00e9 de votre commentaire.<\/p>\n\n\n\n<p data-block-type=\"core\"><strong>M\u00e9dias<\/strong><\/p>\n\n\n\n<p data-block-type=\"core\">Si vous \u00eates un utilisateur ou une utilisatrice enregistr\u00e9\u00b7e et que vous t\u00e9l\u00e9versez des images sur le site web, nous vous conseillons d\u2019\u00e9viter de t\u00e9l\u00e9verser des images contenant des donn\u00e9es EXIF de coordonn\u00e9es GPS. Les visiteurs de votre site web peuvent t\u00e9l\u00e9charger et extraire des donn\u00e9es de localisation depuis ces images.<\/p>\n\n\n\n<p data-block-type=\"core\"><strong>Formulaires de contact<\/strong><\/p>\n\n\n\n<p data-block-type=\"core\">Le formulaire de contact utilis\u00e9 sur ce site est&nbsp;<a href=\"https:\/\/fr.wordpress.org\/plugins\/contact-form-7\/\" target=\"_blank\" rel=\"noopener\"><u>Contact Form 7<\/u><\/a>. Les donn\u00e9es fournies (nom, e-mail,\u2026) ne sont pas stock\u00e9es. Elles servent uniquement \u00e0 vous r\u00e9pondre dans le cas \u00e9ch\u00e9ant.<\/p>\n\n\n\n<p data-block-type=\"core\"><strong>Cookies<\/strong><\/p>\n\n\n\n<p data-block-type=\"core\">Si vous d\u00e9posez un commentaire sur notre site, il vous sera propos\u00e9 d\u2019enregistrer votre nom, adresse de messagerie et site web dans des cookies. C\u2019est uniquement pour votre confort afin de ne pas avoir \u00e0 saisir ces informations si vous d\u00e9posez un autre commentaire plus tard. Ces cookies expirent au bout d\u2019un an.<\/p>\n\n\n\n<p data-block-type=\"core\">Si vous vous rendez sur la page de connexion, un cookie temporaire sera cr\u00e9\u00e9 afin de d\u00e9terminer si votre navigateur accepte les cookies. Il ne contient pas de donn\u00e9es personnelles et sera supprim\u00e9 automatiquement \u00e0 la fermeture de votre navigateur.<\/p>\n\n\n\n<p data-block-type=\"core\">Lorsque vous vous connecterez, nous mettrons en place un certain nombre de cookies pour enregistrer vos informations de connexion et vos pr\u00e9f\u00e9rences d\u2019\u00e9cran. La dur\u00e9e de vie d\u2019un cookie de connexion est de deux jours, celle d\u2019un cookie d\u2019option d\u2019\u00e9cran est d\u2019un an. Si vous cochez \u00ab&nbsp;Se souvenir de moi&nbsp;\u00bb, votre cookie de connexion sera conserv\u00e9 pendant deux semaines. Si vous vous d\u00e9connectez de votre compte, le cookie de connexion sera effac\u00e9.<\/p>\n\n\n\n<p data-block-type=\"core\">En modifiant ou en publiant une publication, un cookie suppl\u00e9mentaire sera enregistr\u00e9 dans votre navigateur. Ce cookie ne comprend aucune donn\u00e9e personnelle. Il indique simplement l\u2019ID de la publication que vous venez de modifier. Il expire au bout d\u2019un jour.<\/p>\n\n\n\n<p data-block-type=\"core\"><strong>Contenu embarqu\u00e9 depuis d\u2019autres sites<\/strong><\/p>\n\n\n\n<p data-block-type=\"core\">Les articles de ce site peuvent inclure des contenus int\u00e9gr\u00e9s (par exemple des vid\u00e9os, images, articles\u2026). Le contenu int\u00e9gr\u00e9 depuis d\u2019autres sites se comporte de la m\u00eame mani\u00e8re que si le visiteur se rendait sur cet autre site.<\/p>\n\n\n\n<p data-block-type=\"core\">Ces sites web pourraient collecter des donn\u00e9es sur vous, utiliser des cookies, embarquer des outils de suivis tiers, suivre vos interactions avec ces contenus embarqu\u00e9s si vous disposez d\u2019un compte connect\u00e9 sur leur site web.<\/p>\n\n\n\n<p data-block-type=\"core\"><strong>Statistiques et mesures d\u2019audience<\/strong><\/p>\n\n\n\n<p data-block-type=\"core\">Ces cookies recueillent des informations sur la fa\u00e7on dont les visiteurs utilisent un site Web. Par exemple, le nombre de visites ou les pages les plus visit\u00e9es.&nbsp; Le site utilise le service de Google Analytics, les donn\u00e9es personnelles sont conserv\u00e9es selon leurs conditions. Nous utilisons Google Analytics \u00e0 des fins statistiques, afin de pouvoir mesurer l\u2019audience. Cliquez ici pour plus d\u2019information sur les r\u00e8gles de confidentialit\u00e9 relatives&nbsp; \u00e0 l\u2019utilisation de Google Analytics.&nbsp;<\/p>\n\n\n\n<p data-block-type=\"core\"><strong>Utilisation et transmission de vos donn\u00e9es personnelles<\/strong><\/p>\n\n\n\n<p data-block-type=\"core\"><strong>Dur\u00e9es de stockage de vos donn\u00e9es<\/strong><\/p>\n\n\n\n<p data-block-type=\"core\">Si vous laissez un commentaire, le commentaire et ses m\u00e9tadonn\u00e9es sont conserv\u00e9s ind\u00e9finiment. Cela permet de reconna\u00eetre et approuver automatiquement les commentaires suivants au lieu de les laisser dans la file de mod\u00e9ration.<\/p>\n\n\n\n<p data-block-type=\"core\">Pour les utilisateurs et utilisatrices qui s\u2019enregistrent sur notre site (si cela est possible), nous stockons \u00e9galement les donn\u00e9es personnelles indiqu\u00e9es dans leur profil. Tous les utilisateurs et utilisatrices peuvent voir, modifier ou supprimer leurs informations personnelles \u00e0 tout moment (\u00e0 l\u2019exception de leur nom d\u2019utilisateur\u00b7ice). Les gestionnaires du site peuvent aussi voir et modifier ces informations.<\/p>\n\n\n\n<p data-block-type=\"core\"><strong>Les droits que vous avez sur vos donn\u00e9es<\/strong><\/p>\n\n\n\n<p data-block-type=\"core\">Si vous avez un compte ou si vous avez laiss\u00e9 des commentaires sur le site, vous pouvez demander \u00e0 recevoir un fichier contenant toutes les donn\u00e9es personnelles que nous poss\u00e9dons \u00e0 votre sujet, incluant celles que vous nous avez fournies. Vous pouvez \u00e9galement demander la suppression des donn\u00e9es personnelles vous concernant. Cela ne prend pas en compte les donn\u00e9es stock\u00e9es \u00e0 des fins administratives, l\u00e9gales ou pour des raisons de s\u00e9curit\u00e9.<\/p>\n\n\n\n<p data-block-type=\"core\"><strong>Transmission de vos donn\u00e9es personnelles&nbsp;<\/strong><\/p>\n\n\n\n<p data-block-type=\"core\">Les commentaires des visiteurs peuvent \u00eatre v\u00e9rifi\u00e9s \u00e0 l\u2019aide d\u2019un service automatis\u00e9 de d\u00e9tection des commentaires ind\u00e9sirables.<\/p>\n\n\n\n<p data-block-type=\"core\">Gravor a mis en place le pr\u00e9sent r\u00e8glement pour expliquer la mani\u00e8re dont nous pouvons collecter, conserver, traiter, partager et transf\u00e9rer vos donn\u00e9es personnelles lorsque vous visitez notre site ou utilisez nos services. C\u2019est ce r\u00e8glement qui sera appliqu\u00e9 par Gravor en qualit\u00e9 de responsable de traitement, lorsque vous utilisez nos services. Le pr\u00e9sent r\u00e8glement vise \u00e0 vous aider \u00e0 obtenir des informations sur nos pratiques en mati\u00e8re de respect de la vie priv\u00e9e et \u00e0 comprendre vos options de confidentialit\u00e9 lorsque vous utilisez nos sites et services. Nous avons d\u00e9fini certains termes que nous utilisons tout au long du pr\u00e9sent R\u00e8glement. Vous pouvez trouver la signification d\u2019un terme dans la section d\u00e9finitions. Veuillez nous contacter si vous avez des questions sur nos pratiques en mati\u00e8re de respect de la vie priv\u00e9e qui ne sont pas trait\u00e9es dans le pr\u00e9sent r\u00e8glement.<\/p>\n\n\n\n<p data-block-type=\"core\"><strong>CE&nbsp;QUE NOUS COLLECTONS ET STOCKONS<\/strong><\/p>\n\n\n\n<p data-block-type=\"core\">Pendant votre visite du site, nous suivons&nbsp;:<\/p>\n\n\n\n<ul class=\"wp-block-list\" data-block-type=\"core\">\n<li data-block-type=\"core\">Produits que vous avez vu&nbsp;: nous les utilisons pour, par exemple, afficher des produits que vous avez r\u00e9cemment vu<\/li>\n\n\n\n<li data-block-type=\"core\">Localisation, adresse IP et type de navigateur&nbsp;: nous les utilisons pour l\u2018estimation des taxes et frais de livraison<\/li>\n\n\n\n<li data-block-type=\"core\">Adresse de livraison&nbsp;: nous vous demanderons de la saisir pour estimer les frais de livraison avant que vous passiez commande, et pour vous envoyer la commande&nbsp;!<\/li>\n<\/ul>\n\n\n\n<p data-block-type=\"core\">Nous utilisons des cookies pour suivre les contenus du panier pendant que vous naviguez sur notre site.<\/p>\n\n\n\n<p data-block-type=\"core\">Note&nbsp;: vous pouvez d\u00e9tailler votre politique de cookies, et faire un lien vers cette section \u00e0 partir d\u2019ici.<\/p>\n\n\n\n<p data-block-type=\"core\">Quand vous achetez sur notre site web, nous vous demanderons de fournir des informations incluant votre nom, adresse de facturation, adresse de livraison, adresse de messagerie, num\u00e9ro de t\u00e9l\u00e9phone, donn\u00e9es de paiement \/ carte bancaire et \u00e9ventuellement les donn\u00e9es du compte tel que nom d\u2019utilisateur et mot de passe. Ces informations seront utilis\u00e9es pour&nbsp;:<\/p>\n\n\n\n<ul class=\"wp-block-list\" data-block-type=\"core\">\n<li data-block-type=\"core\">Envoie de l\u2019information \u00e0 propos de votre compte et commande<\/li>\n\n\n\n<li data-block-type=\"core\">R\u00e9pondre aux demandes, incluant les remboursements et plaintes<\/li>\n\n\n\n<li data-block-type=\"core\">Traitement des paiements et pr\u00e9vention de la fraude<\/li>\n\n\n\n<li data-block-type=\"core\">Se conformer avec toute obligation l\u00e9gale, telle que le calcul des taxes<\/li>\n\n\n\n<li data-block-type=\"core\">Vous envoyer des messages marketing, si vous choisissez d\u2019en recevoir<\/li>\n<\/ul>\n\n\n\n<p data-block-type=\"core\">Si vous cr\u00e9ez un compte, nous stockons votre nom, adresse, e-mail, et num\u00e9ro de t\u00e9l\u00e9phone, qui sera utilis\u00e9 pour pr\u00e9-remplir la validation de commande pour les prochaines commandes.<\/p>\n\n\n\n<p data-block-type=\"core\">Nous stockons g\u00e9n\u00e9ralement vos informations aussi longtemps que nous en avons besoin pour l\u2019usage pour lequel nous les collectons et utilisons, et nous ne sommes pas oblig\u00e9s l\u00e9galement de continuer \u00e0 les conserver. Par exemple, nous stockons les informations de commande pour les taxes et la comptabilit\u00e9. Ceci inclut votre nom, adresse de messagerie et adresses de facturation et livraison.<\/p>\n\n\n\n<p data-block-type=\"core\">Nous stockons aussi les commentaires ou avis, si vous choisissez d\u2019en envoyer.<\/p>\n\n\n\n<p data-block-type=\"core\"><strong>CE&nbsp;QUE NOUS PARTAGEONS AVEC D\u2019AUTRES<\/strong><\/p>\n\n\n\n<p data-block-type=\"core\">Nous partageons des donn\u00e9es avec des tiers&nbsp;:<\/p>\n\n\n\n<ul class=\"wp-block-list\" data-block-type=\"core\">\n<li data-block-type=\"core\">Askimet : Nous r\u00e9coltons des informations sur les visiteurs qui commentent sur les sites utilisant Akismet, notre service contre les ind\u00e9sirables. Ces informations r\u00e9colt\u00e9es d\u00e9pendent des r\u00e9glages Akismet effectu\u00e9s par l\u2019utilisateur sur le site, et incluent g\u00e9n\u00e9ralement l\u2019adresse IP des commentateurs, l\u2019agent utilisateur, le r\u00e9f\u00e9rent et l\u2019URL du site (ainsi que d\u2019autres informations fournies directement par le commentateur comme leur nom, nom d\u2019utilisateur, adresse e-mail et leur commentaire).<\/li>\n\n\n\n<li data-block-type=\"core\">Locotranslate : Ce plugin ne collecte aucune donn\u00e9e des visiteurs du site Web public. Les administrateurs et les auditeurs peuvent souhaiter consulter l\u2019avis de confidentialit\u00e9 du plug-in de Loco (<a href=\"https:\/\/localise.biz\/wordpress\/plugin\/privacy\" target=\"_blank\" rel=\"noopener\"><u>plugin privacy notice).<\/u><\/a><\/li>\n<\/ul>\n\n\n\n<p data-block-type=\"core\"><strong>DONN\u00c9ES&nbsp;\u00c0 CARACT\u00c8RE PERSONNEL<\/strong><\/p>\n\n\n\n<p data-block-type=\"core\">Toute information se rapportant \u00e0 une personne physique identifi\u00e9e ou identifiable. Est r\u00e9put\u00e9e \u00eatre une personne physique identifiable une personne physique qui peut \u00eatre identifi\u00e9e, directement ou indirectement.<\/p>\n\n\n\n<p data-block-type=\"core\"><strong>Traitement<\/strong><\/p>\n\n\n\n<p data-block-type=\"core\">Toute op\u00e9ration ou tout ensemble d\u2019op\u00e9rations effectu\u00e9es ou non \u00e0 l\u2019aide de proc\u00e9d\u00e9s automatis\u00e9s et appliqu\u00e9es \u00e0 des donn\u00e9es ou des ensembles de donn\u00e9es \u00e0 caract\u00e8re personnel (collecte, enregistrement, transmission, stockage, conservation, extraction, consultation, utilisation, interconnexion, etc.).<\/p>\n\n\n\n<p data-block-type=\"core\"><strong>Responsable du traitement<\/strong><\/p>\n\n\n\n<p data-block-type=\"core\">La personne physique ou morale, l\u2019autorit\u00e9 publique, le service ou un autre organisme qui, seul ou conjointement avec d\u2019autres, d\u00e9termine les finalit\u00e9s et les moyens du traitement.<\/p>\n\n\n\n<p data-block-type=\"core\"><strong>Sous-traitant<\/strong><\/p>\n\n\n\n<p data-block-type=\"core\">La personne physique ou morale, l\u2019autorit\u00e9 publique, le service ou un autre organisme qui traite des donn\u00e9es \u00e0 caract\u00e8re personnel pour le compte du responsable du traitement.<\/p>\n\n\n\n<p data-block-type=\"core\"><strong>QUELLES&nbsp;DONN\u00c9ES PERSONNELLES COLLECTONS-NOUS ?<\/strong><\/p>\n\n\n\n<p data-block-type=\"core\">Lorsque vous nous contactez ou vous inscrivez pour utiliser nos services, nous collectons des donn\u00e9es personnelles afin de vous proposer et fournir les services que vous demandez.&nbsp; Selon les services que vous choisissez, nous pouvons vous demander de nous fournir vos nom, adresse postale, num\u00e9ro de t\u00e9l\u00e9phone, adresse e-mail et informations d\u2019identification pour cr\u00e9er un compte. Nous pouvons vous demander de nous fournir des donn\u00e9es personnelles suppl\u00e9mentaires lorsque vous utilisez nos services. Nous nous engageons cependant \u00e0 ne collecter que des donn\u00e9es strictement utiles.<\/p>\n\n\n\n<p data-block-type=\"core\"><strong>Comment collectons-nous les donn\u00e9es personnelles?<\/strong><\/p>\n\n\n\n<p data-block-type=\"core\">Les seuls et uniques moyens mis en \u0153uvre pour r\u00e9colter les donn\u00e9es personnelles sont les suivants :<\/p>\n\n\n\n<ul class=\"wp-block-list\" data-block-type=\"core\">\n<li data-block-type=\"core\">Par les formulaires de demande ou d\u2019inscription pr\u00e9sents sur le site (ADRESSE DU SITE)<\/li>\n\n\n\n<li data-block-type=\"core\">Par e-mail<\/li>\n\n\n\n<li data-block-type=\"core\">Par t\u00e9l\u00e9phone<\/li>\n\n\n\n<li data-block-type=\"core\">En vis \u00e0 vis<\/li>\n<\/ul>\n\n\n\n<p data-block-type=\"core\"><strong>Comment traitons-nous les donn\u00e9es personnelles?&nbsp;<\/strong><\/p>\n\n\n\n<p data-block-type=\"core\">Les Donn\u00e9es personnelles r\u00e9colt\u00e9es par Gravor ont des finalit\u00e9s de :<\/p>\n\n\n\n<ul class=\"wp-block-list\" data-block-type=\"core\">\n<li data-block-type=\"core\">Informer sur les Services propos\u00e9s par Gravor<\/li>\n\n\n\n<li data-block-type=\"core\">Informer sur les \u00e9volutions des Services propos\u00e9s par Gravor<\/li>\n<\/ul>\n\n\n\n<p data-block-type=\"core\"><strong>Pourquoi conservons-nous des donn\u00e9es personnelles?&nbsp;<\/strong><\/p>\n\n\n\n<p data-block-type=\"core\">Nous conservons des donn\u00e9es personnelles dans un format identifiable pendant une p\u00e9riode aussi courte que n\u00e9cessaire pour remplir nos obligations l\u00e9gales ou r\u00e9glementaires et pour nos besoins commerciaux. Les donn\u00e9es trait\u00e9es \u00e0 des fins de gestion de la relation entre le client et Gravor sont conserv\u00e9es par l\u2019entreprise pendant 10 ann\u00e9es. Ce d\u00e9lai s\u2019explique par l\u2019Article L. 123-22 alin\u00e9a 2 du Code de commerce qui impose la conservation pendant 10 ans des factures clients et fournisseurs. Au terme de ce d\u00e9lai, elles sont supprim\u00e9es sur tous supports et sauvegardes.<\/p>\n\n\n\n<p data-block-type=\"core\"><strong>COMMENT UTILISONS-NOUS LES COOKIES ET TECHNOLOGIES DE SUIVI ?<\/strong><\/p>\n\n\n\n<p data-block-type=\"core\">Lorsque vous visitez notre site, nous pouvons utiliser des cookies et autres technologies de suivi (collectivement d\u00e9sign\u00e9s comme les \u00ab&nbsp;Cookies&nbsp;\u00bb) pour vous identifier en tant qu\u2019utilisateur,&nbsp; mesurer l\u2019efficacit\u00e9 des promotions ou effectuer des analyses statistiques. Certains aspects et options de notre site et nos services sont uniquement disponibles via l\u2019utilisation de Cookies. Par cons\u00e9quent, si vous choisissez de d\u00e9sactiver ou de refuser les Cookies, votre utilisation du site et services peut \u00eatre restreinte ou ne pas \u00eatre possible. La fonctionnalit\u00e9 DNT (\u00ab&nbsp;Do Not Track&nbsp;\u00bb, Ne pas me pister) est disponible dans certains navigateurs. Elle vous permet d\u2019exprimer vos pr\u00e9f\u00e9rences en mati\u00e8re de suivi sur Internet par les annonceurs et autres tiers. Vous avez aussi la possibilit\u00e9 de refuser l\u2019utilisation des Cookies de suivi statistiques gr\u00e2ce au bandeau toujours visible en bas de page tant que vous n\u2019avez pas donn\u00e9 votre consentement. Les cookies que nous utilisons ont des d\u00e9lais d\u2019expiration d\u00e9finis ; si vous ne visitez pas nos sites ou n\u2019utilisez pas nos services dans lesdits d\u00e9lais, les cookies sont automatiquement d\u00e9sactiv\u00e9s et les donn\u00e9es conserv\u00e9es sont supprim\u00e9es.<\/p>\n\n\n\n<p data-block-type=\"core\"><strong>Partageons-nous des donn\u00e9es personnelles?<\/strong><\/p>\n\n\n\n<p data-block-type=\"core\">Nous pourrons partager vos donn\u00e9es personnelles ou d\u2019autres informations vous concernant avec des prestataires tiers qui fournissent des services et fonctionnalit\u00e9s selon nos instructions et en notre nom.<\/p>\n\n\n\n<ul class=\"wp-block-list\" data-block-type=\"core\">\n<li data-block-type=\"core\">OVH : Toutes les donn\u00e9es personnelles sont stock\u00e9es sur des serveurs d\u00e9di\u00e9s h\u00e9berg\u00e9s en France. OVH s\u2019engage, en qualit\u00e9 de sous-traitant, \u00e0 traiter les donn\u00e9es \u00e0 caract\u00e8re personnel aux seules fins de la bonne ex\u00e9cution des services : OVH ne traitera jamais vos informations \u00e0 d\u2019autres fins (marketing, etc.).<\/li>\n\n\n\n<li data-block-type=\"core\">La soci\u00e9t\u00e9 Insaniam prestataire pour la mise en place du site interne Gravor. Insaniam s\u2019engage, en qualit\u00e9 de sous-traitant, \u00e0 traiter les donn\u00e9es \u00e0 caract\u00e8re personnel aux seules fins de la bonne ex\u00e9cution des services : Insaniam ne traitera jamais vos informations \u00e0 d\u2019autres fins (marketing, etc.).<\/li>\n\n\n\n<li data-block-type=\"core\">Nous pouvons faire appel \u00e0 d\u2019autres prestataires ponctuellement dans le cadre de services tels que livraison express ou la garantie sur site. Nous informons alors le client avant la transmission des donn\u00e9es personnelles n\u00e9cessaires.<\/li>\n<\/ul>\n\n\n\n<p data-block-type=\"core\">En dehors de ces sous-traitants, les donn\u00e9es personnelles ne sont jamais transmises ou revendues \u00e0 un tiers.<\/p>\n\n\n\n<p data-block-type=\"core\"><strong>QUELS&nbsp;SONT VOS DROITS ?<\/strong><\/p>\n\n\n\n<p data-block-type=\"core\">Sous r\u00e9serve des restrictions \u00e9nonc\u00e9es dans la l\u00e9gislation en mati\u00e8re de protection de donn\u00e9es en vigueur dans l\u2019EEE, vous avez certains droits en ce qui concerne vos donn\u00e9es personnelles. Vous disposez notamment d\u2019un droit d\u2019acc\u00e8s, de rectification, de restriction, d\u2019opposition, de suppression et de portabilit\u00e9 des donn\u00e9es. Veuillez nous contacter si vous souhaitez exercer ces droits. Si vous souhaitez effectuer une demande d\u2019acc\u00e8s \u00e0 toutes les donn\u00e9es personnelles que Gravor d\u00e9tient vous concernant, veuillez noter qu\u2019une pi\u00e8ce d\u2019identit\u00e9 avec photo vous sera demand\u00e9e pour prouver votre identit\u00e9. Si vous avez un compte relatif \u00e0 l\u2019un de nos Services, vous pouvez g\u00e9n\u00e9ralement consulter et modifier vos donn\u00e9es personnelles sur le compte en vous connectant et en mettant \u00e0 jour les informations directement.<\/p>\n\n\n\n<p data-block-type=\"core\"><strong>COMMENT&nbsp;PROT\u00c9GEONS-NOUS VOS DONN\u00c9ES PERSONNELLES ?<\/strong><\/p>\n\n\n\n<p data-block-type=\"core\">Nous mettons en place des standards de s\u00e9curit\u00e9 \u00e9lev\u00e9s afin de fournir une protection raisonnable \u00e0 vos donn\u00e9es personnelles contre les pertes, les abus, les acc\u00e8s non autoris\u00e9s, les divulgations et les modifications. Les mesures de s\u00e9curit\u00e9 comprennent des pare-feux, des antivirus, le cryptage des donn\u00e9es, les contr\u00f4les des autorisations d\u2019acc\u00e8s aux informations. M\u00eame si nous nous engageons \u00e0 s\u00e9curiser nos syst\u00e8mes et services, vous devez s\u00e9curiser et pr\u00e9server la confidentialit\u00e9 de votre\/vos mot(s) de passe et des informations d\u2019inscription de votre compte et v\u00e9rifier que les donn\u00e9es personnelles que nous conservons vous concernant sont exactes et \u00e0 jour.<\/p>\n\n\n\n<p data-block-type=\"core\"><strong>LES ENGAGEMENTS GRAVOR<\/strong><\/p>\n\n\n\n<p data-block-type=\"core\">Gravor s\u2019engage notamment \u00e0 mettre en \u0153uvre les actions suivantes : Traiter les donn\u00e9es personnelles aux seules fins de la bonne ex\u00e9cution des services : Gravor ne traitera jamais ces donn\u00e9es \u00e0 d\u2019autres fins (marketing, etc.). Ne pas transf\u00e9rer les donn\u00e9es personnelles \u00e0 des tiers. Informer de tout recours \u00e0 des sous-traitants qui pourraient traiter les donn\u00e9es personnelles. Mettre en \u0153uvre des standards de s\u00e9curit\u00e9 \u00e9lev\u00e9s afin de fournir un haut niveau de s\u00e9curisation \u00e0 nos services.&nbsp; Notifier dans les meilleurs d\u00e9lais en cas de violation de donn\u00e9es.<\/p>\n\n\n\n<p data-block-type=\"core\"><strong>NOUS&nbsp;CONTACTER<\/strong><\/p>\n\n\n\n<p data-block-type=\"core\">Vous pouvez nous contacter si vous avez des questions g\u00e9n\u00e9rales ou des inqui\u00e9tudes au sujet du pr\u00e9sent R\u00e8glement sur le respect de la vie priv\u00e9e et des avis compl\u00e9mentaires, ou sur la fa\u00e7on dont nous traitons vos Donn\u00e9es personnelles.<\/p>\n\n\n\n<p data-block-type=\"core\"><strong>Affichage des informations li\u00e9es aux secteurs soumis \u00e0 des r\u00e9gulations sp\u00e9cifiques<\/strong><\/p>\n\n\n\n<p data-block-type=\"core\">\n\n    <h3>\n        Please identify yourself via e-mail    <\/h3>\n    <form action=\"\">\n        <label for=\"gdpr_email\">Enter your email address<\/label>\n        <input type=\"hidden\" name=\"gdpr_action\" value=\"identify\" \/>\n        <input type=\"hidden\" name=\"gdpr_nonce\" value=\"010ceff79d\" \/>\n        <input type=\"email\" id=\"gdpr_email\" name=\"email\" placeholder=\"Enter your email address\" \/>\n        \n        <input type=\"submit\" value=\"Send email\" id=\"gdpr-submit\"\/>\n    <input type=\"hidden\" name=\"trp-form-language\" value=\"en\"\/><\/form>\n\n\n<\/p>","protected":false},"excerpt":{"rendered":"<p>Gravor Qui sommes-nous&nbsp;? L&rsquo;adresse de notre site Web est : https:\/\/www.gravor.com\/ Utilisation des donn\u00e9es personnelles collect\u00e9es Commentaires Quand vous laissez un commentaire sur notre site web, les donn\u00e9es inscrites dans le formulaire de commentaire, mais aussi votre adresse IP et l\u2019agent utilisateur de votre navigateur sont collect\u00e9s pour nous aider \u00e0 la d\u00e9tection des commentaires [&hellip;]<\/p>\n","protected":false},"author":7,"featured_media":0,"parent":0,"menu_order":0,"comment_status":"closed","ping_status":"open","template":"","meta":{"footnotes":""},"class_list":["post-3","page","type-page","status-publish","hentry"],"blocksy_meta":{"has_hero_section":"enabled","hero_section":"type-2","pageTitleFontColor":{"default":{"color":"var(--theme-palette-color-7)"}},"pageTitleBackground":{"background_type":"color","background_pattern":"type-1","background_image":{"attachment_id":null,"x":0,"y":0},"gradient":"linear-gradient(135deg,rgba(6,147,227,1) 0%,rgb(155,81,224) 100%)","background_repeat":"repeat","background_size":"auto","background_attachment":"scroll","patternColor":{"default":{"color":"#e5e7ea"}},"overlayColor":{"default":{"color":"CT_CSS_SKIP_RULE"}},"backgroundColor":{"default":{"color":"var(--theme-palette-color-4)"}}},"styles_descriptor":{"styles":{"desktop":"[data-prefix=\"single_page\"] .entry-header .page-title {--theme-font-size:30px;--theme-heading-color:var(--theme-palette-color-7);} [data-prefix=\"single_page\"] .entry-header .entry-meta {--theme-font-weight:600;--theme-text-transform:uppercase;--theme-font-size:12px;--theme-line-height:1.3;} [data-prefix=\"single_page\"] .hero-section[data-type=\"type-2\"] {background-color:var(--theme-palette-color-4);background-image:none;--container-padding:50px 0px;}","tablet":"","mobile":""},"google_fonts":[],"version":6}},"_links":{"self":[{"href":"https:\/\/www.gravor.com\/en\/wp-json\/wp\/v2\/pages\/3","targetHints":{"allow":["GET"]}}],"collection":[{"href":"https:\/\/www.gravor.com\/en\/wp-json\/wp\/v2\/pages"}],"about":[{"href":"https:\/\/www.gravor.com\/en\/wp-json\/wp\/v2\/types\/page"}],"author":[{"embeddable":true,"href":"https:\/\/www.gravor.com\/en\/wp-json\/wp\/v2\/users\/7"}],"replies":[{"embeddable":true,"href":"https:\/\/www.gravor.com\/en\/wp-json\/wp\/v2\/comments?post=3"}],"version-history":[{"count":0,"href":"https:\/\/www.gravor.com\/en\/wp-json\/wp\/v2\/pages\/3\/revisions"}],"wp:attachment":[{"href":"https:\/\/www.gravor.com\/en\/wp-json\/wp\/v2\/media?parent=3"}],"curies":[{"name":"wp","href":"https:\/\/api.w.org\/{rel}","templated":true}]}}